{"id":576,"date":"2023-04-05T18:04:59","date_gmt":"2023-04-05T16:04:59","guid":{"rendered":"http:\/\/www.tredservice.com\/dienstleistungen\/internationaler-service\/"},"modified":"2023-06-29T20:52:36","modified_gmt":"2023-06-29T18:52:36","slug":"internationaler-service","status":"publish","type":"page","link":"https:\/\/www.tredservice.com\/de\/dienstleistungen\/internationaler-service\/","title":{"rendered":"Internationaler Service"},"content":{"rendered":"<p><div class=\"fusion-fullwidth fullwidth-box fusion-builder-row-1 fusion-flex-container has-pattern-background has-mask-background nonhundred-percent-fullwidth non-hundred-percent-height-scrolling\" style=\"background-color: #e9e9e9;background-position: center center;background-repeat: no-repeat;border-width: 0px 0px 0px 0px;border-color:var(--awb-color3);border-style:solid;\" ><div class=\"fusion-builder-row fusion-row fusion-flex-align-items-flex-start\" style=\"max-width:1414.4px;margin-left: calc(-4% \/ 2 );margin-right: calc(-4% \/ 2 );\"><div class=\"fusion-layout-column fusion_builder_column fusion-builder-column-0 fusion_builder_column_1_1 1_1 fusion-flex-column\"><div class=\"fusion-column-wrapper fusion-flex-justify-content-flex-start fusion-content-layout-column\" style=\"background-position:left top;background-repeat:no-repeat;-webkit-background-size:cover;-moz-background-size:cover;-o-background-size:cover;background-size:cover;padding: 0px 0px 0px 0px;\"><div class=\"fusion-text fusion-text-1 fusion-text-no-margin\" style=\"font-size:27px;letter-spacing:2px;font-family:&quot;Lato&quot;;font-weight:300;margin-top:25px;margin-bottom:25px;\"><p style=\"text-align: center;\">INTERNATIONALER SERVICE<\/p>\n<\/div><\/div><style type=\"text\/css\">.fusion-body .fusion-builder-column-0{width:100% !important;margin-top : 0px;margin-bottom : 0px;}.fusion-builder-column-0 > .fusion-column-wrapper {padding-top : 0px !important;padding-right : 0px !important;margin-right : 0%;padding-bottom : 0px !important;padding-left : 0px !important;margin-left : 0%;}@media only screen and (max-width:1024px) {.fusion-body .fusion-builder-column-0{width:100% !important;order : 0;}.fusion-builder-column-0 > .fusion-column-wrapper {margin-right : 0%;margin-left : 0%;}}@media only screen and (max-width:640px) {.fusion-body .fusion-builder-column-0{width:100% !important;order : 0;}.fusion-builder-column-0 > .fusion-column-wrapper {margin-right : 1.92%;margin-left : 1.92%;}}<\/style><\/div><\/div><style type=\"text\/css\">.fusion-body .fusion-flex-container.fusion-builder-row-1{ padding-top : 0px;margin-top : 0px;padding-right : 0px;padding-bottom : 0px;margin-bottom : 0px;padding-left : 0px;}<\/style><\/div><div class=\"fusion-fullwidth fullwidth-box fusion-builder-row-2 fusion-flex-container has-pattern-background has-mask-background nonhundred-percent-fullwidth non-hundred-percent-height-scrolling\" style=\"background-color: rgba(255,255,255,0);background-position: center center;background-repeat: no-repeat;border-width: 0px 0px 0px 0px;border-color:var(--awb-color3);border-style:solid;\" ><div class=\"fusion-builder-row fusion-row fusion-flex-align-items-stretch\" style=\"max-width:1414.4px;margin-left: calc(-4% \/ 2 );margin-right: calc(-4% \/ 2 );\"><div class=\"fusion-layout-column fusion_builder_column fusion-builder-column-1 fusion_builder_column_1_1 1_1 fusion-flex-column\"><div class=\"fusion-column-wrapper fusion-flex-justify-content-flex-start fusion-content-layout-column\" style=\"background-position:left top;background-repeat:no-repeat;-webkit-background-size:cover;-moz-background-size:cover;-o-background-size:cover;background-size:cover;padding: 0px 0px 0px 0px;\"><div class=\"fusion-text fusion-text-2 fusion-text-no-margin\" style=\"font-size:16px;line-height:1.5;letter-spacing:0.3px;color:var(--awb-color6);font-family:&quot;Lato&quot;;font-weight:300;margin-bottom:25px;\"><p style=\"text-align: center;\">Dank der durch das Team von 3D Service gesammelten Erfahrungen im Laufe der Jahre mit inl\u00e4ndischen und ausl\u00e4ndischen Kunden, kann unsere Arbeitsgruppe Probleme der Kunden europaweit und in mehreren Sprachen l\u00f6sen.<\/p>\n<\/div><\/div><style type=\"text\/css\">.fusion-body .fusion-builder-column-1{width:100% !important;margin-top : 0px;margin-bottom : 0px;}.fusion-builder-column-1 > .fusion-column-wrapper {padding-top : 0px !important;padding-right : 0px !important;margin-right : 1.056%;padding-bottom : 0px !important;padding-left : 0px !important;margin-left : 1.92%;}@media only screen and (max-width:1024px) {.fusion-body .fusion-builder-column-1{width:100% !important;order : 0;}.fusion-builder-column-1 > .fusion-column-wrapper {margin-right : 1.056%;margin-left : 1.92%;}}@media only screen and (max-width:640px) {.fusion-body .fusion-builder-column-1{width:100% !important;order : 0;}.fusion-builder-column-1 > .fusion-column-wrapper {margin-right : 1.92%;margin-left : 1.92%;}}<\/style><\/div><\/div><style type=\"text\/css\">.fusion-body .fusion-flex-container.fusion-builder-row-2{ padding-top : 0px;margin-top : 46px;padding-right : 0px;padding-bottom : 0px;margin-bottom : 51px;padding-left : 0px;}<\/style><\/div><div class=\"fusion-fullwidth fullwidth-box fusion-builder-row-3 fusion-flex-container has-pattern-background has-mask-background nonhundred-percent-fullwidth non-hundred-percent-height-scrolling\" style=\"background-color: rgba(255,255,255,0);background-position: center center;background-repeat: no-repeat;border-width: 0px 0px 0px 0px;border-color:var(--awb-color3);border-style:solid;\" ><div class=\"fusion-builder-row fusion-row fusion-flex-align-items-flex-start\" style=\"max-width:1414.4px;margin-left: calc(-4% \/ 2 );margin-right: calc(-4% \/ 2 );\"><div class=\"fusion-layout-column fusion_builder_column fusion-builder-column-2 fusion_builder_column_1_3 1_3 fusion-flex-column\"><div class=\"fusion-column-wrapper fusion-flex-justify-content-flex-start fusion-content-layout-column\" style=\"background-position:left top;background-repeat:no-repeat;-webkit-background-size:cover;-moz-background-size:cover;-o-background-size:cover;background-size:cover;padding: 0px 0px 0px 0px;\"><div class=\"fusion-image-carousel fusion-image-carousel-auto fusion-image-carousel-1 fusion-carousel-border\"><div class=\"fusion-carousel\" data-autoplay=\"yes\" data-columns=\"1\" data-itemmargin=\"0\" data-itemwidth=\"180\" data-touchscroll=\"no\" data-imagesize=\"auto\"><div class=\"fusion-carousel-positioner\"><ul class=\"fusion-carousel-holder\"><li class=\"fusion-carousel-item\"><div class=\"fusion-carousel-item-wrapper\"><div class=\"fusion-image-wrapper hover-type-none\"><img decoding=\"async\" width=\"750\" height=\"550\" src=\"https:\/\/www.tredservice.com\/wp-content\/uploads\/2023\/04\/Est-Ro-p6pqnhpxoou73d17ie28gi34kassynun2chgb0xji4.jpg\" class=\"attachment-full size-full\" alt=\"\" srcset=\"https:\/\/www.tredservice.com\/wp-content\/uploads\/2023\/04\/Est-Ro-p6pqnhpxoou73d17ie28gi34kassynun2chgb0xji4-200x147.jpg 200w, https:\/\/www.tredservice.com\/wp-content\/uploads\/2023\/04\/Est-Ro-p6pqnhpxoou73d17ie28gi34kassynun2chgb0xji4-300x220.jpg 300w, https:\/\/www.tredservice.com\/wp-content\/uploads\/2023\/04\/Est-Ro-p6pqnhpxoou73d17ie28gi34kassynun2chgb0xji4-400x293.jpg 400w, https:\/\/www.tredservice.com\/wp-content\/uploads\/2023\/04\/Est-Ro-p6pqnhpxoou73d17ie28gi34kassynun2chgb0xji4-600x440.jpg 600w, https:\/\/www.tredservice.com\/wp-content\/uploads\/2023\/04\/Est-Ro-p6pqnhpxoou73d17ie28gi34kassynun2chgb0xji4.jpg 750w\" sizes=\"(max-width: 750px) 100vw, 750px\" \/><\/div><\/div><\/li><li class=\"fusion-carousel-item\"><div class=\"fusion-carousel-item-wrapper\"><div class=\"fusion-image-wrapper hover-type-none\"><img decoding=\"async\" width=\"750\" height=\"550\" src=\"https:\/\/www.tredservice.com\/wp-content\/uploads\/2023\/04\/romania1-p6pqnhpxoou73d17ie28gi34kassynun2chgb0xji4.jpg\" class=\"attachment-full size-full\" alt=\"\" srcset=\"https:\/\/www.tredservice.com\/wp-content\/uploads\/2023\/04\/romania1-p6pqnhpxoou73d17ie28gi34kassynun2chgb0xji4-200x147.jpg 200w, https:\/\/www.tredservice.com\/wp-content\/uploads\/2023\/04\/romania1-p6pqnhpxoou73d17ie28gi34kassynun2chgb0xji4-300x220.jpg 300w, https:\/\/www.tredservice.com\/wp-content\/uploads\/2023\/04\/romania1-p6pqnhpxoou73d17ie28gi34kassynun2chgb0xji4-400x293.jpg 400w, https:\/\/www.tredservice.com\/wp-content\/uploads\/2023\/04\/romania1-p6pqnhpxoou73d17ie28gi34kassynun2chgb0xji4-600x440.jpg 600w, https:\/\/www.tredservice.com\/wp-content\/uploads\/2023\/04\/romania1-p6pqnhpxoou73d17ie28gi34kassynun2chgb0xji4.jpg 750w\" sizes=\"(max-width: 750px) 100vw, 750px\" \/><\/div><\/div><\/li><li class=\"fusion-carousel-item\"><div class=\"fusion-carousel-item-wrapper\"><div class=\"fusion-image-wrapper hover-type-none\"><img decoding=\"async\" width=\"750\" height=\"550\" src=\"https:\/\/www.tredservice.com\/wp-content\/uploads\/2023\/04\/romania2-p6pqnhpxoou73d17ie28gi34kassynun2chgb0xji4.jpg\" class=\"attachment-full size-full\" alt=\"\" srcset=\"https:\/\/www.tredservice.com\/wp-content\/uploads\/2023\/04\/romania2-p6pqnhpxoou73d17ie28gi34kassynun2chgb0xji4-200x147.jpg 200w, https:\/\/www.tredservice.com\/wp-content\/uploads\/2023\/04\/romania2-p6pqnhpxoou73d17ie28gi34kassynun2chgb0xji4-300x220.jpg 300w, https:\/\/www.tredservice.com\/wp-content\/uploads\/2023\/04\/romania2-p6pqnhpxoou73d17ie28gi34kassynun2chgb0xji4-400x293.jpg 400w, https:\/\/www.tredservice.com\/wp-content\/uploads\/2023\/04\/romania2-p6pqnhpxoou73d17ie28gi34kassynun2chgb0xji4-600x440.jpg 600w, https:\/\/www.tredservice.com\/wp-content\/uploads\/2023\/04\/romania2-p6pqnhpxoou73d17ie28gi34kassynun2chgb0xji4.jpg 750w\" sizes=\"(max-width: 750px) 100vw, 750px\" \/><\/div><\/div><\/li><li class=\"fusion-carousel-item\"><div class=\"fusion-carousel-item-wrapper\"><div class=\"fusion-image-wrapper hover-type-none\"><img decoding=\"async\" width=\"750\" height=\"550\" src=\"https:\/\/www.tredservice.com\/wp-content\/uploads\/2023\/04\/romania3-p6pqnhpxoou73d17ie28gi34kassynun2chgb0xji4.jpg\" class=\"attachment-full size-full\" alt=\"\" srcset=\"https:\/\/www.tredservice.com\/wp-content\/uploads\/2023\/04\/romania3-p6pqnhpxoou73d17ie28gi34kassynun2chgb0xji4-200x147.jpg 200w, https:\/\/www.tredservice.com\/wp-content\/uploads\/2023\/04\/romania3-p6pqnhpxoou73d17ie28gi34kassynun2chgb0xji4-300x220.jpg 300w, https:\/\/www.tredservice.com\/wp-content\/uploads\/2023\/04\/romania3-p6pqnhpxoou73d17ie28gi34kassynun2chgb0xji4-400x293.jpg 400w, https:\/\/www.tredservice.com\/wp-content\/uploads\/2023\/04\/romania3-p6pqnhpxoou73d17ie28gi34kassynun2chgb0xji4-600x440.jpg 600w, https:\/\/www.tredservice.com\/wp-content\/uploads\/2023\/04\/romania3-p6pqnhpxoou73d17ie28gi34kassynun2chgb0xji4.jpg 750w\" sizes=\"(max-width: 750px) 100vw, 750px\" \/><\/div><\/div><\/li><\/ul><div class=\"fusion-carousel-nav\"><button class=\"fusion-nav-prev awb-icon-left\" aria-label=\"Previous\"><\/button><button class=\"fusion-nav-next awb-icon-right\" aria-label=\"Next\"><\/button><\/div><\/div><\/div><\/div><\/div><style type=\"text\/css\">.fusion-body .fusion-builder-column-2{width:33.333333333333% !important;margin-top : 0px;margin-bottom : 20px;}.fusion-builder-column-2 > .fusion-column-wrapper {padding-top : 0px !important;padding-right : 0px !important;margin-right : 0%;padding-bottom : 0px !important;padding-left : 0px !important;margin-left : 5.76%;}@media only screen and (max-width:1024px) {.fusion-body .fusion-builder-column-2{width:33.333333333333% !important;order : 0;}.fusion-builder-column-2 > .fusion-column-wrapper {margin-right : 0%;margin-left : 5.76%;}}@media only screen and (max-width:640px) {.fusion-body .fusion-builder-column-2{width:100% !important;order : 0;}.fusion-builder-column-2 > .fusion-column-wrapper {margin-right : 1.92%;margin-left : 1.92%;}}<\/style><\/div><div class=\"fusion-layout-column fusion_builder_column fusion-builder-column-3 fusion_builder_column_2_3 2_3 fusion-flex-column\"><div class=\"fusion-column-wrapper fusion-flex-justify-content-flex-start fusion-content-layout-column\" style=\"background-position:left top;background-repeat:no-repeat;-webkit-background-size:cover;-moz-background-size:cover;-o-background-size:cover;background-size:cover;padding: 0px 0px 0px 0px;\"><div class=\"fusion-text fusion-text-3 fusion-text-no-margin\" style=\"font-size:16px;line-height:1.5;letter-spacing:0.3px;color:var(--awb-color6);font-family:&quot;Lato&quot;;font-weight:300;margin-bottom:5px;\"><p style=\"text-align: left;\"><b>Beratung und Entwicklung von unseren Standorten aus oder direkt bei Kunden vor Ort.<i><b><br \/>\nWir erm\u00f6glichen dem Kunden frei zu W\u00e4hlen ob unsere Techniker vor Ort t\u00e4tig werden sollen, mit vom Kunden zur Verf\u00fcgung gestellter Hard- und Software, oder ob die Projekte direkt von 3D-Service verwaltet werden sollen.<\/b><\/i><\/p>\n<\/div><div class=\"fusion-text fusion-text-4 fusion-text-no-margin\" style=\"font-size:16px;line-height:1.5;letter-spacing:0.3px;color:var(--awb-color6);font-family:&quot;Lato&quot;;font-weight:300;\"><p style=\"text-align: left;\">Dank unserer Organisation, unserer F\u00e4higkeiten und Dank der logistischen Aufteilung, die uns auf Drei Standorten verteilt sieht, ist es f\u00fcr uns m\u00f6glich die Bed\u00fcrfnisse des Kunden voll zu decken.<br \/>\nAbh\u00e4ngig von Komplexit\u00e4t, Umfang und Terminpl\u00e4ne der Projekte ist unser Team in der Lage, die beste, kosteng\u00fcnstigste und bequemste L\u00f6sung f\u00fcr unsere Kunden zu bieten.<br \/>\nUnsere Techniker k\u00f6nnen auch nach Abwicklung der Planungs- und Konstruktionsphase das Projekt folgen und verwalten, bis zur Fertigung und Installation der Projekte.<\/p>\n<\/div><\/div><style type=\"text\/css\">.fusion-body .fusion-builder-column-3{width:66.666666666667% !important;margin-top : 0px;margin-bottom : 20px;}.fusion-builder-column-3 > .fusion-column-wrapper {padding-top : 0px !important;padding-right : 0px !important;margin-right : 2.88%;padding-bottom : 0px !important;padding-left : 0px !important;margin-left : 2.88%;}@media only screen and (max-width:1024px) {.fusion-body .fusion-builder-column-3{width:66.666666666667% !important;order : 0;}.fusion-builder-column-3 > .fusion-column-wrapper {margin-right : 2.88%;margin-left : 2.88%;}}@media only screen and (max-width:640px) {.fusion-body .fusion-builder-column-3{width:100% !important;order : 0;}.fusion-builder-column-3 > .fusion-column-wrapper {margin-right : 1.92%;margin-left : 1.92%;}}<\/style><\/div><\/div><style type=\"text\/css\">.fusion-body .fusion-flex-container.fusion-builder-row-3{ padding-top : 0px;margin-top : 0px;padding-right : 0px;padding-bottom : 0px;margin-bottom : 0px;padding-left : 0px;}<\/style><\/div><\/p>\n","protected":false},"excerpt":{"rendered":"","protected":false},"author":1,"featured_media":0,"parent":570,"menu_order":0,"comment_status":"closed","ping_status":"closed","template":"","meta":{"footnotes":""},"class_list":["post-576","page","type-page","status-publish","hentry"],"_links":{"self":[{"href":"https:\/\/www.tredservice.com\/de\/wp-json\/wp\/v2\/pages\/576","targetHints":{"allow":["GET"]}}],"collection":[{"href":"https:\/\/www.tredservice.com\/de\/wp-json\/wp\/v2\/pages"}],"about":[{"href":"https:\/\/www.tredservice.com\/de\/wp-json\/wp\/v2\/types\/page"}],"author":[{"embeddable":true,"href":"https:\/\/www.tredservice.com\/de\/wp-json\/wp\/v2\/users\/1"}],"replies":[{"embeddable":true,"href":"https:\/\/www.tredservice.com\/de\/wp-json\/wp\/v2\/comments?post=576"}],"version-history":[{"count":2,"href":"https:\/\/www.tredservice.com\/de\/wp-json\/wp\/v2\/pages\/576\/revisions"}],"predecessor-version":[{"id":578,"href":"https:\/\/www.tredservice.com\/de\/wp-json\/wp\/v2\/pages\/576\/revisions\/578"}],"up":[{"embeddable":true,"href":"https:\/\/www.tredservice.com\/de\/wp-json\/wp\/v2\/pages\/570"}],"wp:attachment":[{"href":"https:\/\/www.tredservice.com\/de\/wp-json\/wp\/v2\/media?parent=576"}],"curies":[{"name":"wp","href":"https:\/\/api.w.org\/{rel}","templated":true}]}}